{"id":5341,"date":"2024-02-09T14:48:22","date_gmt":"2024-02-09T14:48:22","guid":{"rendered":"https:\/\/zefirrecords.com\/shop\/graupner-meets-bach\/"},"modified":"2024-07-17T09:29:22","modified_gmt":"2024-07-17T09:29:22","slug":"graupner-meets-bach","status":"publish","type":"product","link":"https:\/\/zefirrecords.com\/nl\/shop\/graupner-meets-bach\/","title":{"rendered":"Graupner meets Bach"},"content":{"rendered":"<p>Hele boekenkasten zouden gevuld kunnen worden met literatuur over J.S. Bach en zijn muziek, maar over Christoph Graupner (Kirchberg, 13 januari 1683 - Darmstadt, 10 mei 1760) is nog geen enkele monografie geschreven. En toch was deze Duitse barokcomponist tijdens zijn leven even beroemd of zelfs nog beroemder dan zijn briljante tijdgenoot. Een groot deel van zijn leven werkte hij als kapelmeester, hofmuziekdirecteur, voor de landgraven van Darmstadt. Daar componeerde hij een enorm oeuvre, dat nog lang niet volledig is onderzocht, hoewel de belangstelling voor Graupner groeit.<\/p>","protected":false},"excerpt":{"rendered":"<p>Twee barokcomponisten: de \u00e9\u00e9n bij de meeste muziekliefhebbers hooguit bekend van naam; de ander de onbetwiste nummer \u00e9\u00e9n in de canon van de westerse klassieke muziek. Beiden voorzagen het klavier royaal van composities, en in dat genre was de danssuite voor beide componisten een belangrijk uitgangspunt. Hoewel Christoph Graupner en Johann Sebastian Bach tijdgenoten waren, is hun behandeling van de danssuite heel verschillend. Ieders persoonlijke stijl komt duidelijk naar voren als we hun partita's (suites van toen actuele dansen) vergelijken. Op deze dubbel-cd klinken partita's van Bach en Graupner broederlijk, zowel naast elkaar als tegenover elkaar.<\/p>","protected":false},"featured_media":5054,"comment_status":"closed","ping_status":"closed","template":"","meta":[],"product_brand":[],"product_cat":[72],"product_tag":[180],"class_list":{"0":"post-5341","1":"product","2":"type-product","3":"status-publish","4":"has-post-thumbnail","6":"product_cat-cd","7":"product_tag-marcel-worms","8":"pa_aantal-cds-68","9":"pa_aantal-tracks-77","10":"pa_type-2-cd","12":"first","13":"instock","14":"taxable","15":"shipping-taxable","16":"purchasable","17":"product-type-simple"},"_links":{"self":[{"href":"https:\/\/zefirrecords.com\/nl\/wp-json\/wp\/v2\/product\/5341","targetHints":{"allow":["GET"]}}],"collection":[{"href":"https:\/\/zefirrecords.com\/nl\/wp-json\/wp\/v2\/product"}],"about":[{"href":"https:\/\/zefirrecords.com\/nl\/wp-json\/wp\/v2\/types\/product"}],"replies":[{"embeddable":true,"href":"https:\/\/zefirrecords.com\/nl\/wp-json\/wp\/v2\/comments?post=5341"}],"version-history":[{"count":1,"href":"https:\/\/zefirrecords.com\/nl\/wp-json\/wp\/v2\/product\/5341\/revisions"}],"predecessor-version":[{"id":5342,"href":"https:\/\/zefirrecords.com\/nl\/wp-json\/wp\/v2\/product\/5341\/revisions\/5342"}],"wp:featuredmedia":[{"embeddable":true,"href":"https:\/\/zefirrecords.com\/nl\/wp-json\/wp\/v2\/media\/5054"}],"wp:attachment":[{"href":"https:\/\/zefirrecords.com\/nl\/wp-json\/wp\/v2\/media?parent=5341"}],"wp:term":[{"taxonomy":"product_brand","embeddable":true,"href":"https:\/\/zefirrecords.com\/nl\/wp-json\/wp\/v2\/product_brand?post=5341"},{"taxonomy":"product_cat","embeddable":true,"href":"https:\/\/zefirrecords.com\/nl\/wp-json\/wp\/v2\/product_cat?post=5341"},{"taxonomy":"product_tag","embeddable":true,"href":"https:\/\/zefirrecords.com\/nl\/wp-json\/wp\/v2\/product_tag?post=5341"}],"curies":[{"name":"wp","href":"https:\/\/api.w.org\/{rel}","templated":true}]}}