{"id":5393,"date":"2024-02-09T14:48:23","date_gmt":"2024-02-09T14:48:23","guid":{"rendered":"https:\/\/zefirrecords.com\/shop\/grote-archipel-for-piano\/"},"modified":"2024-07-17T09:28:58","modified_gmt":"2024-07-17T09:28:58","slug":"grote-archipel-for-piano","status":"publish","type":"product","link":"https:\/\/zefirrecords.com\/nl\/shop\/grote-archipel-for-piano\/","title":{"rendered":"Grote Archipel for piano"},"content":{"rendered":"<p>In de loop der tijd heeft Daan Manneke een compositieconcept ontworpen dat hem al vele jaren fascineert en inspireert. Het Archipel-concept: 'eilanden' die dicht bij elkaar liggen, elk met hun eigen manier van bestaan. Door uitwisselingen en verbindingen verliezen ze soms min of meer hun individualiteit en krijgen ze een hybride karakter. Deze osmose kan nieuwe eigenschappen en dynamiek genereren. Omgekeerd kunnen eilanden ge\u00efsoleerd raken, vergaan of helemaal verdwijnen.<\/p>\n<p>Grote Archipel bestaat uit zes delen, die ook afzonderlijk kunnen worden uitgevoerd.<\/p>\n<p>In plaats van een decoratief-illustratieve sfeertekening is het een abstract werk gebaseerd op universele situaties. Betekenisvolle metaforen zijn onder andere naderen-verdwijnen, desintegreren-verbinden, status quo, afwisseling en, altijd, de iso-ritmische klok-loops. Manneke's belangrijkste motto is s p a c e.<\/p>\n<p>Grote Archipel is een eerbetoon aan de Provincie Zeeland: Luctor et Emergo!<\/p>\n<p>spaces of spaces<\/p>\n<p>spaces of spacious times<\/p>\n<p>let us be far and slow<\/p>\n<p>J.C. van Schagen, 1891-1985<\/p>\n<p>Daan Manneke [1939] studeerde Orgel en Compositie aan de conservatoria van Tilburg, Brussel en Amsterdam. Hij doceerde jarenlang de hoofdvakken Compositie en Hedendaagse Muzikale Analyse aan het Conservatorium van Amsterdam (de muziekafdeling van de Amsterdamse Hogeschool voor de Kunsten). Gedurende zijn tijd bij dit instituut initieerde hij de oprichting van een Jong Talent Klas Compositie. Ook was hij oprichter en meer dan veertig jaar dirigent van het gerenommeerde kamerkoor Cappella Breda.<\/p>\n<p>Het oeuvre van Daan Manneke omvat ongeveer driehonderd composities, waarvan de meeste in opdracht van Donemus Publishing zijn uitgegeven. Zijn werk wordt gekenmerkt door vocaliteit en ruimtelijke monumentaliteit. Componist Ton de Leeuw, Manneke's leermeester, omschreef zijn werk als: \u201c[...] sensuele, bijna tastbare klankkleuren en expressieve gebaren. Alsof de componist schrijft voor een imaginair theater. [...]\u201d<br \/>\nDaan Manneke is veelvuldig onderscheiden en wordt beschouwd als een van de meest gespeelde componisten in Nederland. Een groot deel van zijn werk is gedocumenteerd op cd en er zijn verschillende (wetenschappelijke) artikelen aan zijn oeuvre gewijd. Hij woont in Breda en kreeg in 2014 de eervolle titel van Ere-Bandmeester van de Grote Kerk, ook bekend als de Onze Lieve Vrouwekerk, van Breda. Zijn portret in brons, gemaakt door beeldhouwster Pauline Eecen, hangt in het priesterkoor van deze kerk. Voor zijn jarenlange betrokkenheid bij de Franse cultuur ontving hij in 2018 het Dipl\u00f4me de M\u00e9daille d'Argent van de Soci\u00e9t\u00e9 Acad\u00e9mique Arts-Sciences-Lettres.<\/p>","protected":false},"excerpt":{"rendered":"<p>Manneke's intentie en motivatie om een omvangrijk pianowerk te schrijven werden mede ge\u00efnspireerd door zes eminente musici, aan wie hij elk een deel opdroeg: Ralph van Raat [I], Geoffrey Madge [II], Kelvin Grout [III], Hannes Minnaar [IV], Jelena Bazova [V] en Dani\u00ebl Kramer [VI].<\/p>","protected":false},"featured_media":5124,"comment_status":"closed","ping_status":"closed","template":"","meta":[],"product_brand":[],"product_cat":[72],"product_tag":[],"class_list":{"0":"post-5393","1":"product","2":"type-product","3":"status-publish","4":"has-post-thumbnail","6":"product_cat-cd","7":"pa_aantal-cds-68","8":"pa_aantal-tracks-94","9":"pa_type-2-cd","11":"first","12":"instock","13":"taxable","14":"shipping-taxable","15":"purchasable","16":"product-type-simple"},"_links":{"self":[{"href":"https:\/\/zefirrecords.com\/nl\/wp-json\/wp\/v2\/product\/5393","targetHints":{"allow":["GET"]}}],"collection":[{"href":"https:\/\/zefirrecords.com\/nl\/wp-json\/wp\/v2\/product"}],"about":[{"href":"https:\/\/zefirrecords.com\/nl\/wp-json\/wp\/v2\/types\/product"}],"replies":[{"embeddable":true,"href":"https:\/\/zefirrecords.com\/nl\/wp-json\/wp\/v2\/comments?post=5393"}],"version-history":[{"count":2,"href":"https:\/\/zefirrecords.com\/nl\/wp-json\/wp\/v2\/product\/5393\/revisions"}],"predecessor-version":[{"id":6416,"href":"https:\/\/zefirrecords.com\/nl\/wp-json\/wp\/v2\/product\/5393\/revisions\/6416"}],"wp:featuredmedia":[{"embeddable":true,"href":"https:\/\/zefirrecords.com\/nl\/wp-json\/wp\/v2\/media\/5124"}],"wp:attachment":[{"href":"https:\/\/zefirrecords.com\/nl\/wp-json\/wp\/v2\/media?parent=5393"}],"wp:term":[{"taxonomy":"product_brand","embeddable":true,"href":"https:\/\/zefirrecords.com\/nl\/wp-json\/wp\/v2\/product_brand?post=5393"},{"taxonomy":"product_cat","embeddable":true,"href":"https:\/\/zefirrecords.com\/nl\/wp-json\/wp\/v2\/product_cat?post=5393"},{"taxonomy":"product_tag","embeddable":true,"href":"https:\/\/zefirrecords.com\/nl\/wp-json\/wp\/v2\/product_tag?post=5393"}],"curies":[{"name":"wp","href":"https:\/\/api.w.org\/{rel}","templated":true}]}}