{"id":5419,"date":"2024-02-09T14:48:25","date_gmt":"2024-02-09T14:48:25","guid":{"rendered":"https:\/\/zefirrecords.com\/shop\/inspired-by-chopin\/"},"modified":"2024-07-17T09:26:38","modified_gmt":"2024-07-17T09:26:38","slug":"inspired-by-chopin","status":"publish","type":"product","link":"https:\/\/zefirrecords.com\/nl\/shop\/inspired-by-chopin\/","title":{"rendered":"Inspired by Chopin"},"content":{"rendered":"<p>Deze cd wil het rijke pianorepertoire illustreren dat op de een of andere manier een eerbetoon is aan het werk van de iconische pianocomponist Fr\u00e9d\u00e9ric Fran\u00e7ois Chopin, met de nadruk op werken waarin de componist expliciet stelt dat zijn Poolse voorganger de bron van zijn inspiratie was.<\/p>","protected":false},"excerpt":{"rendered":"<p>Componisten uit Chopins eigen tijd, maar vooral die van de volgende generatie, bewerkten de werken van Chopin. Vooral de mazurka's waren gewild materiaal voor transcripties. De invloed van Chopin op Poolse componisten was groot, maar ook internationaal deed zijn invloed zich gelden. Schumann en Liszt behoorden tot de belangrijkste bewonderaars van Chopin en erkenden zonder voorbehoud zijn invloed op hun eigen werk.<\/p>","protected":false},"featured_media":5162,"comment_status":"closed","ping_status":"closed","template":"","meta":[],"product_brand":[],"product_cat":[72],"product_tag":[180],"class_list":{"0":"post-5419","1":"product","2":"type-product","3":"status-publish","4":"has-post-thumbnail","6":"product_cat-cd","7":"product_tag-marcel-worms","8":"pa_aantal-cds-68","9":"pa_aantal-tracks-73","10":"pa_type-2-cd","12":"first","13":"instock","14":"taxable","15":"shipping-taxable","16":"purchasable","17":"product-type-simple"},"_links":{"self":[{"href":"https:\/\/zefirrecords.com\/nl\/wp-json\/wp\/v2\/product\/5419","targetHints":{"allow":["GET"]}}],"collection":[{"href":"https:\/\/zefirrecords.com\/nl\/wp-json\/wp\/v2\/product"}],"about":[{"href":"https:\/\/zefirrecords.com\/nl\/wp-json\/wp\/v2\/types\/product"}],"replies":[{"embeddable":true,"href":"https:\/\/zefirrecords.com\/nl\/wp-json\/wp\/v2\/comments?post=5419"}],"version-history":[{"count":1,"href":"https:\/\/zefirrecords.com\/nl\/wp-json\/wp\/v2\/product\/5419\/revisions"}],"predecessor-version":[{"id":5420,"href":"https:\/\/zefirrecords.com\/nl\/wp-json\/wp\/v2\/product\/5419\/revisions\/5420"}],"wp:featuredmedia":[{"embeddable":true,"href":"https:\/\/zefirrecords.com\/nl\/wp-json\/wp\/v2\/media\/5162"}],"wp:attachment":[{"href":"https:\/\/zefirrecords.com\/nl\/wp-json\/wp\/v2\/media?parent=5419"}],"wp:term":[{"taxonomy":"product_brand","embeddable":true,"href":"https:\/\/zefirrecords.com\/nl\/wp-json\/wp\/v2\/product_brand?post=5419"},{"taxonomy":"product_cat","embeddable":true,"href":"https:\/\/zefirrecords.com\/nl\/wp-json\/wp\/v2\/product_cat?post=5419"},{"taxonomy":"product_tag","embeddable":true,"href":"https:\/\/zefirrecords.com\/nl\/wp-json\/wp\/v2\/product_tag?post=5419"}],"curies":[{"name":"wp","href":"https:\/\/api.w.org\/{rel}","templated":true}]}}