{"id":5457,"date":"2024-02-09T14:48:27","date_gmt":"2024-02-09T14:48:27","guid":{"rendered":"https:\/\/zefirrecords.com\/shop\/baltic-souls-jan-brokken\/"},"modified":"2024-07-17T09:21:20","modified_gmt":"2024-07-17T09:21:20","slug":"baltic-souls-jan-brokken","status":"publish","type":"product","link":"https:\/\/zefirrecords.com\/nl\/shop\/baltic-souls-jan-brokken\/","title":{"rendered":"Baltic Souls &#8211; Jan Brokken"},"content":{"rendered":"<p>Estland, Letland en Litouwen zijn echte \u201cmuzieklanden\u201d. Ze hebben een lange zang- en koortraditie. In Riga, Vilnius en Tartu worden enorme korenfestivals gehouden. Iedereen lijkt te zingen in de Baltische landen, of het nu traditionele, klassieke of populaire muziek is. Maar het is geen toeval dat ook veel beroemde violisten en cellisten als Jascha Heifetz, Gidon Kremer, Philippe Hirschhorn en Mischa Maisky uit Riga, Tallinn of Vilnius komen, evenals grote dirigenten als Neeme J\u00e4rvi en Mariss Jansons. Gezien de grootte van de landen en hun bescheiden bevolkingsaantal is het bijna ongelooflijk hoeveel internationaal bekende componisten Estland, Letland en Litouwen hebben voortgebracht. De Baltische landen werden eeuwenlang bezet of geregeerd door vreemde mogendheden. Muziek was lange tijd de enige toegestane vorm van nationale expressie voor de Esten, Letten en Litouwers. Alleen in hun muziek konden ze zichzelf zijn.<\/p>","protected":false},"excerpt":{"rendered":"<p>In meer dan dertig concertzalen van Amsterdam tot Straatsburg presenteerden pianist Marcel Worms, violiste Ursula Schoch en auteur Jan Brokken hun lecture-concert Baltic Souls, ge\u00efnspireerd op Baltische zielen, lotgevallen in Estland, Letland en Litouwen. In dat boek beschrijft Jan Brokken de geschiedenis van de drie Baltische landen aan de hand van vijftien families die in de afgelopen 150 jaar tot bloei kwamen. Families met opmerkelijke talenten als de Estse componist Arvo P\u00e4rt, de Letse violist Gidon Kremer, vader en zoon Eisenstein uit Riga, schrijver Romain Gary uit Vilnius, de Litouwse beeldhouwer Jacques Lipchitz, schilder Mark Rothko uit Daugavpils, de filosofe Hannah Arendt uit K\u00f6nigsberg, de Litouwse componist Jurgis Gai\u00feauskas, maar ook veel minder bekende of vergeten families als die van de boekhandelaar J\u00e2nis Roze in Riga of de baronnen Von Wrangel uit Estland.<\/p>","protected":false},"featured_media":5222,"comment_status":"closed","ping_status":"closed","template":"","meta":[],"product_brand":[],"product_cat":[72],"product_tag":[],"class_list":{"0":"post-5457","1":"product","2":"type-product","3":"status-publish","4":"has-post-thumbnail","6":"product_cat-cd","7":"pa_aantal-cds-68","8":"pa_aantal-tracks-121","9":"pa_type-2-cd","11":"first","12":"instock","13":"taxable","14":"shipping-taxable","15":"purchasable","16":"product-type-simple"},"_links":{"self":[{"href":"https:\/\/zefirrecords.com\/nl\/wp-json\/wp\/v2\/product\/5457","targetHints":{"allow":["GET"]}}],"collection":[{"href":"https:\/\/zefirrecords.com\/nl\/wp-json\/wp\/v2\/product"}],"about":[{"href":"https:\/\/zefirrecords.com\/nl\/wp-json\/wp\/v2\/types\/product"}],"replies":[{"embeddable":true,"href":"https:\/\/zefirrecords.com\/nl\/wp-json\/wp\/v2\/comments?post=5457"}],"version-history":[{"count":1,"href":"https:\/\/zefirrecords.com\/nl\/wp-json\/wp\/v2\/product\/5457\/revisions"}],"predecessor-version":[{"id":5458,"href":"https:\/\/zefirrecords.com\/nl\/wp-json\/wp\/v2\/product\/5457\/revisions\/5458"}],"wp:featuredmedia":[{"embeddable":true,"href":"https:\/\/zefirrecords.com\/nl\/wp-json\/wp\/v2\/media\/5222"}],"wp:attachment":[{"href":"https:\/\/zefirrecords.com\/nl\/wp-json\/wp\/v2\/media?parent=5457"}],"wp:term":[{"taxonomy":"product_brand","embeddable":true,"href":"https:\/\/zefirrecords.com\/nl\/wp-json\/wp\/v2\/product_brand?post=5457"},{"taxonomy":"product_cat","embeddable":true,"href":"https:\/\/zefirrecords.com\/nl\/wp-json\/wp\/v2\/product_cat?post=5457"},{"taxonomy":"product_tag","embeddable":true,"href":"https:\/\/zefirrecords.com\/nl\/wp-json\/wp\/v2\/product_tag?post=5457"}],"curies":[{"name":"wp","href":"https:\/\/api.w.org\/{rel}","templated":true}]}}