{"id":5523,"date":"2024-02-09T14:48:28","date_gmt":"2024-02-09T14:48:28","guid":{"rendered":"https:\/\/zefirrecords.com\/shop\/haydn-pianoworks\/"},"modified":"2024-07-17T09:20:22","modified_gmt":"2024-07-17T09:20:22","slug":"haydn-pianoworks","status":"publish","type":"product","link":"https:\/\/zefirrecords.com\/nl\/shop\/haydn-pianoworks\/","title":{"rendered":"Haydn Pianoworks"},"content":{"rendered":"<p>Deze CD bevat:<\/p>\n<p>Capriccio in G (Hob. XVII: 1)<br \/>\nHet Capriccio in G groot dateert uit 1765. Het stuk is geschreven in rondovorm en net als de rondo's van C. Ph. E. Bach's rondo's, ontwikkelt het zich vanuit een enkel motief. Dit thema is het volksliedje Acht Sauschneider m\u00fcssen seyn: \u201cAls je een zwijn moet ruineren heb je acht mensen nodig. Twee voor, twee achter, twee om het beest vast te houden, \u00e9\u00e9n om hem vast te binden, \u00e9\u00e9n om het mes te hanteren.\u201d Het stuk begint eenvoudig en na\u00efef, maar neemt na verloop van tijd de vorm aan van een briljante, meeslepende improvisatie, die tegen het einde culmineert in een dramatische fermata, die uitmondt in een onvermijdelijke cadens. De vele sequenties geven een onmiskenbaar barok tintje aan het geheel.<\/p>\n<p>Andante con Variazioni (Hob. XVII:6)<br \/>\nIn 1793 sterft Marianne von Genzinger. Het is heel goed mogelijk dat Haydn het Andante con Variazioni schreef als reactie op het verlies van de vrouw voor wie hij zo'n extreem diepe sympathie voelde. In de autograaf wordt het werk omschreven als Sonate, wat er waarschijnlijk op wijst dat de componist van plan was om ook andere delen te schrijven. Haydn gebruikt voor dit stuk zijn favoriete dubbele variatieformule: twee thema's - een in mineur, een in majeur - ondergaan een parallelle metamorfose. Tegen het einde laat Haydn de cesuurtekens weg die het mineurthema van het majeurthema scheiden. Door zich te concentreren op het stippelritme van het beginmotief werkt de componist, als in de ontwikkelingssectie van een sonate, toe naar een spannende climax.<\/p>\n<p>Leen de Broekert (1949-2009) studeerde Piano en Orgel aan het Koninklijk Conservatorium in Den Haag. Hij studeerde af in beide vakken. Hij bekwaamde zich ook als klavecinist en fortepianist bij Jos van Immerseel. In 1979 was hij een van de laureaten van het Internationaal Orgelconcours in Brugge, met een eervolle vermelding voor zijn Interpretatie van Bach. Als fortepianist en organist werd hij regelmatig gevraagd voor concerten in zowel Duitsland als Nederland. Hij trad ook op in Engeland, Frankrijk, Belgi\u00eb, Zweden, Oostenrijk, Itali\u00eb en Zwitserland en nam verschillende cd's op, zowel op pianoforte als orgel. Leen de Broekert was organist van de Koorkerk in Middelburg. Hij overleed op zestigjarige leeftijd, na een kort ziekbed, in Middelburg op 29 juli 2009.<\/p>","protected":false},"excerpt":{"rendered":"<p>Een aantrekkelijke nieuwe Haydn-opname door de Nederlandse fortepianospecialist Leen de Broekert.<\/p>","protected":false},"featured_media":5029,"comment_status":"closed","ping_status":"closed","template":"","meta":[],"product_brand":[],"product_cat":[72],"product_tag":[179,175],"class_list":{"0":"post-5523","1":"product","2":"type-product","3":"status-publish","4":"has-post-thumbnail","6":"product_cat-cd","7":"product_tag-leen-de-broekert","8":"product_tag-pianoworks","9":"pa_aantal-cds-68","10":"pa_aantal-tracks-97","11":"pa_type-2-cd","13":"first","14":"instock","15":"taxable","16":"shipping-taxable","17":"purchasable","18":"product-type-simple"},"_links":{"self":[{"href":"https:\/\/zefirrecords.com\/nl\/wp-json\/wp\/v2\/product\/5523","targetHints":{"allow":["GET"]}}],"collection":[{"href":"https:\/\/zefirrecords.com\/nl\/wp-json\/wp\/v2\/product"}],"about":[{"href":"https:\/\/zefirrecords.com\/nl\/wp-json\/wp\/v2\/types\/product"}],"replies":[{"embeddable":true,"href":"https:\/\/zefirrecords.com\/nl\/wp-json\/wp\/v2\/comments?post=5523"}],"version-history":[{"count":1,"href":"https:\/\/zefirrecords.com\/nl\/wp-json\/wp\/v2\/product\/5523\/revisions"}],"predecessor-version":[{"id":5524,"href":"https:\/\/zefirrecords.com\/nl\/wp-json\/wp\/v2\/product\/5523\/revisions\/5524"}],"wp:featuredmedia":[{"embeddable":true,"href":"https:\/\/zefirrecords.com\/nl\/wp-json\/wp\/v2\/media\/5029"}],"wp:attachment":[{"href":"https:\/\/zefirrecords.com\/nl\/wp-json\/wp\/v2\/media?parent=5523"}],"wp:term":[{"taxonomy":"product_brand","embeddable":true,"href":"https:\/\/zefirrecords.com\/nl\/wp-json\/wp\/v2\/product_brand?post=5523"},{"taxonomy":"product_cat","embeddable":true,"href":"https:\/\/zefirrecords.com\/nl\/wp-json\/wp\/v2\/product_cat?post=5523"},{"taxonomy":"product_tag","embeddable":true,"href":"https:\/\/zefirrecords.com\/nl\/wp-json\/wp\/v2\/product_tag?post=5523"}],"curies":[{"name":"wp","href":"https:\/\/api.w.org\/{rel}","templated":true}]}}